{"id":2113,"date":"2018-06-22T10:50:53","date_gmt":"2018-06-22T09:50:53","guid":{"rendered":"https:\/\/privacy.timeonegroup.com\/?page_id=2113"},"modified":"2018-07-05T09:28:47","modified_gmt":"2018-07-05T08:28:47","slug":"accueil","status":"publish","type":"page","link":"https:\/\/privacy.timeonegroup.com\/es\/accueil\/","title":{"rendered":"Bienvenida"},"content":{"rendered":"<h1><b>Pol\u00edtica de Confidencialidad <\/b><\/h1>\n<h3>Qui\u00e9nes somos ?<\/h3>\n<div style=\"padding: 2em 0em;\">\n<h3><b>Un grupo europeo<\/b><\/h3>\n<p>TimeOne es un importante actor europeo en marketing digital, que, desde hace m\u00e1s de 15 a\u00f1os, apoya a sus clientes en su estrategia digital.\n<\/p><\/div>\n<div style=\"padding: 2em 0em;\">\n<h3><b>Una empresa de escala humana<\/b><\/h3>\n<p>Empresa francesa \u201ca escala humana\u201d, el grupo TimeOne est\u00e1 implantado principalmente en Europa (Francia, Reino Unido, Espa\u00f1a, Italia, etc.).\n<\/p><\/div>\n<div style=\"padding: 2em 0em;\">\n<h3><b>Nuestra fuerza: nuestro equipo<\/b><\/h3>\n<p>TimeOne cuenta en la actualidad con m\u00e1s de 160 empleados, que trabajan en tecnolog\u00eda, marketing, ventas y gesti\u00f3n de operaciones.\n<\/p><\/div>\n","protected":false},"excerpt":{"rendered":"<p>Pol\u00edtica de Confidencialidad Qui\u00e9nes somos ? Un grupo europeo TimeOne es un importante actor europeo en marketing digital, que, desde hace m\u00e1s de 15 a\u00f1os, apoya a sus clientes en su estrategia digital. Una empresa de escala humana Empresa francesa \u201ca escala humana\u201d, el grupo TimeOne est\u00e1 implantado principalmente en Europa (Francia, Reino Unido, Espa\u00f1a, [&hellip;]<span class=\"entry-read-more\"><a href=\"https:\/\/privacy.timeonegroup.com\/es\/accueil\/\" class=\"cs-btn cs-btn-flat cs-btn-rounded cs-btn-xxs cs-btn-flat-accent\">Leer m\u00e1s<\/a><\/span><\/p>\n","protected":false},"author":46,"featured_media":0,"parent":0,"menu_order":0,"comment_status":"closed","ping_status":"closed","template":"","meta":{"_acf_changed":false,"footnotes":""},"class_list":["post-2113","page","type-page","status-publish","hentry"],"acf":[],"_links":{"self":[{"href":"https:\/\/privacy.timeonegroup.com\/es\/wp-json\/wp\/v2\/pages\/2113","targetHints":{"allow":["GET"]}}],"collection":[{"href":"https:\/\/privacy.timeonegroup.com\/es\/wp-json\/wp\/v2\/pages"}],"about":[{"href":"https:\/\/privacy.timeonegroup.com\/es\/wp-json\/wp\/v2\/types\/page"}],"author":[{"embeddable":true,"href":"https:\/\/privacy.timeonegroup.com\/es\/wp-json\/wp\/v2\/users\/46"}],"replies":[{"embeddable":true,"href":"https:\/\/privacy.timeonegroup.com\/es\/wp-json\/wp\/v2\/comments?post=2113"}],"version-history":[{"count":7,"href":"https:\/\/privacy.timeonegroup.com\/es\/wp-json\/wp\/v2\/pages\/2113\/revisions"}],"predecessor-version":[{"id":2170,"href":"https:\/\/privacy.timeonegroup.com\/es\/wp-json\/wp\/v2\/pages\/2113\/revisions\/2170"}],"wp:attachment":[{"href":"https:\/\/privacy.timeonegroup.com\/es\/wp-json\/wp\/v2\/media?parent=2113"}],"curies":[{"name":"wp","href":"https:\/\/api.w.org\/{rel}","templated":true}]}}