{"id":2117,"date":"2018-06-22T10:58:56","date_gmt":"2018-06-22T09:58:56","guid":{"rendered":"https:\/\/privacy.timeonegroup.com\/?page_id=2117"},"modified":"2018-06-22T10:58:56","modified_gmt":"2018-06-22T09:58:56","slug":"soluciones-de-timeone-group","status":"publish","type":"page","link":"https:\/\/privacy.timeonegroup.com\/es\/soluciones-de-timeone-group\/","title":{"rendered":"Soluciones de TimeOne Group"},"content":{"rendered":"<div style=\"padding: 2em 0em;\">\nTimeOne es una empresa de servicios de marketing especializada en la activaci\u00f3n de medios.<br \/>\nOfrecemos a nuestros clientes un Punto \u00danico de Generaci\u00f3n de Audiencias Cualificadas, lo que nos permite cubrir todas las necesidades de una campa\u00f1a de medios.<\/p>\n<h3><b>TimeOne &#8211; Performance :<\/b><\/h3>\n<p>En el punto de cruce de los datos entre soportes y anunciantes, ofrecemos una combinaci\u00f3n de herramientas destinadas a ayudar a nuestros anunciantes en sus procesos de prospecci\u00f3n, de generaci\u00f3n de nuevos clientes y de incremento de tr\u00e1fico.<\/p>\n<p>Cubrimos toda la cadena de valor del Marketing de Resultados: consultor\u00eda estrat\u00e9gica y soporte para la toma de decisiones, gesti\u00f3n de redes y medici\u00f3n de resultados.\n<\/p><\/div>\n<div style=\"padding: 2em 0em;\">\n<h3><b>TimeOne &#8211; LMT :<\/b><\/h3>\n<p>TimeOne LMT (Lead Management Technologies) es una plataforma tecnol\u00f3gica que permite a las marcas simplemente integrar registros intencionales cualificados en su sistema de CRM \/ PRM.<br \/>\nAgregamos en tiempo real registros generados en m\u00e1s de 1000 sitios web asociados. Despu\u00e9s del an\u00e1lisis de los registros, verificaci\u00f3n y calificaci\u00f3n, los perfiles pasan a estar disponibles en nuestro Marketplace.<br \/>\nEsta soluci\u00f3n solo est\u00e1 disponible para el mercado franc\u00e9s.\n<\/p><\/div>\n<div style=\"padding: 2em 0em;\">\n<h3><b>TimeOne &#8211; Mobile by Khing :<\/b><\/h3>\n<p>TimeOne &#8211; Mobile, la divisi\u00f3n de TimeOne dedicada al Marketing M\u00f3vil, te apoya en la creaci\u00f3n de tus planes de medios en el canal m\u00f3vil, cubriendo la totalidad del t\u00fanel de conversi\u00f3n: Generaci\u00f3n y difusi\u00f3n de Marca, Prospecci\u00f3n (campa\u00f1as 2nd screen, TV \/ Web Sync), Resultados (CPI, CPL), Display CRM \u2026\n<\/p><\/div>\n<div style=\"padding: 2em 0em;\">\n<h3><b>TimeOne &#8211; Publishing :<\/b><\/h3>\n<p>TimeOne \u2013 Publishing es la divisi\u00f3n especialista en la publicaci\u00f3n de sitios web tem\u00e1ticos. Punto de encuentro entre consumidores y marcas, la audiencia generada por los sitios web permite que los anunciantes lleven a cabo acciones especiales, acciones de branding y campa\u00f1as de generaci\u00f3n de registros.<\/p>\n<\/div>\n<div style=\"padding: 2em 0em;\">\n<h3><b>Nuestros Sitios :<\/b><\/h3>\n<p>\u25cf <a href=\"https:\/\/www.reserverunessai.com\">https:\/\/www.reserverunessai.com <\/a><br \/>\n\u25cf <a href=\"https:\/\/www.ohmycar.com\">https:\/\/www.ohmycar.com<\/a><br \/>\n\u25cf <a href=\"https:\/\/www.quelforfaitmobile.com\">https:\/\/www.quelforfaitmobile.com<\/a><br \/>\n\u25cf <a href=\"https:\/\/www.financement-automobile.com\">https:\/\/www.financement-automobile.com<\/a><br \/>\n\u25cf <a href=\"https:\/\/www.maisonandco.fr\/home\/index\">https:\/\/www.maisonandco.fr\/home\/index <\/a><br \/>\n\u25cf <a href=\"https:\/\/www.offredeformations.com\">https:\/\/www.offredeformations.com<\/a><br \/>\n\u25cf <a href=\"https:\/\/www.entretien-auto.com\">https:\/\/www.entretien-auto.com<\/a><br \/>\n\u25cf <a href=\"https:\/\/www.cuisinity.com\/\">https:\/\/www.cuisinity.com\/<\/a><br \/>\n\u25cf <a href=\"https:\/\/www.bilanauditif.com\">https:\/\/www.bilanauditif.com<\/a><br \/>\n\u25cf <a href=\"https:\/\/www.lemondeauto.com\/\">https:\/\/www.lemondeauto.com\/<\/a><br \/>\n\u25cf <a href=\"https:\/\/www.consoenergie.fr\/\">https:\/\/www.consoenergie.fr\/<\/a><br \/>\n\u25cf <a href=\"https:\/\/www.forumautomobile.fr\/\">https:\/\/www.forumautomobile.fr\/ <\/a>\n<\/div>\n<div style=\"padding: 2em 0em;\">\n<h3><b>TimeOne &#8211; Programmatic by 3xchange :<\/b><\/h3>\n<p>TimeOne &#8211; Programmatic by 3xchange es el Trading Desk dedicado del grupo TimeOne.<br \/>\nPlanificamos y agregamos valor a tus campa\u00f1as de medios multicanal (Display, Video, Social) y multidispositivo (Desktop, M\u00f3vil y Tableta).<br \/>\nGracias a nuestro DMP T1, generamos DATOS y segmentaci\u00f3n por comportamiento (behavioural) a trav\u00e9s de nuestro algoritmo de aprendizaje autom\u00e1tico.\n<\/p><\/div>\n<div style=\"padding: 2em 0em;\">\n<h3><b>TimeOne \u2013 Native :<\/b><\/h3>\n<p>TimeOne &#8211; Native lleva a cabo campa\u00f1as de Publicidad Nativa en distintas redes (Content Discovery, in-Feed, In-Newsletter) de una manera simple y efectiva: 1 contacto, 1 operador de medios, 1 reporte, 1 factura, pero m\u00faltiples optimizaciones. TimeOne tambi\u00e9n ofrece el producto Nativious, la propia Plataforma de Anuncios Nativos, que tiene como objetivo centralizar la gesti\u00f3n de las campa\u00f1as de publicidad nativa: creaci\u00f3n, distribuci\u00f3n, optimizaci\u00f3n y obtenci\u00f3n de informes.\n<\/p><\/div>\n<div style=\"padding: 2em 0em;\">\n<h3><b>TimeOne &#8211; Social:<\/b><\/h3>\n<p>TimeOne &#8211; Social pone todo su conocimiento y experiencia a disposici\u00f3n de los anunciantes para la creaci\u00f3n de sus campa\u00f1as de marketing social. Al combinar nuestra experiencia de Generaci\u00f3n de Registros con el \u201cData Driven\u201d Marketing y la optimizaci\u00f3n de campa\u00f1as en tiempo real, podemos obtener el m\u00e1ximo rendimiento y asegurar el \u00e9xito de tus campa\u00f1as (registros, tr\u00e1fico, engagement, etc.).\n<\/p><\/div>\n","protected":false},"excerpt":{"rendered":"<p>TimeOne es una empresa de servicios de marketing especializada en la activaci\u00f3n de medios. Ofrecemos a nuestros clientes un Punto \u00danico de Generaci\u00f3n de Audiencias Cualificadas, lo que nos permite cubrir todas las necesidades de una campa\u00f1a de medios. TimeOne &#8211; Performance : En el punto de cruce de los datos entre soportes y anunciantes, [&hellip;]<span class=\"entry-read-more\"><a href=\"https:\/\/privacy.timeonegroup.com\/es\/soluciones-de-timeone-group\/\" class=\"cs-btn cs-btn-flat cs-btn-rounded cs-btn-xxs cs-btn-flat-accent\">Leer m\u00e1s<\/a><\/span><\/p>\n","protected":false},"author":46,"featured_media":0,"parent":0,"menu_order":0,"comment_status":"closed","ping_status":"closed","template":"","meta":{"_acf_changed":false,"footnotes":""},"class_list":["post-2117","page","type-page","status-publish","hentry"],"acf":[],"_links":{"self":[{"href":"https:\/\/privacy.timeonegroup.com\/es\/wp-json\/wp\/v2\/pages\/2117","targetHints":{"allow":["GET"]}}],"collection":[{"href":"https:\/\/privacy.timeonegroup.com\/es\/wp-json\/wp\/v2\/pages"}],"about":[{"href":"https:\/\/privacy.timeonegroup.com\/es\/wp-json\/wp\/v2\/types\/page"}],"author":[{"embeddable":true,"href":"https:\/\/privacy.timeonegroup.com\/es\/wp-json\/wp\/v2\/users\/46"}],"replies":[{"embeddable":true,"href":"https:\/\/privacy.timeonegroup.com\/es\/wp-json\/wp\/v2\/comments?post=2117"}],"version-history":[{"count":2,"href":"https:\/\/privacy.timeonegroup.com\/es\/wp-json\/wp\/v2\/pages\/2117\/revisions"}],"predecessor-version":[{"id":2119,"href":"https:\/\/privacy.timeonegroup.com\/es\/wp-json\/wp\/v2\/pages\/2117\/revisions\/2119"}],"wp:attachment":[{"href":"https:\/\/privacy.timeonegroup.com\/es\/wp-json\/wp\/v2\/media?parent=2117"}],"curies":[{"name":"wp","href":"https:\/\/api.w.org\/{rel}","templated":true}]}}