{"id":2126,"date":"2018-06-22T14:47:51","date_gmt":"2018-06-22T13:47:51","guid":{"rendered":"https:\/\/privacy.timeonegroup.com\/?page_id=2126"},"modified":"2019-08-27T11:05:26","modified_gmt":"2019-08-27T10:05:26","slug":"los-datos-recogidos","status":"publish","type":"page","link":"https:\/\/privacy.timeonegroup.com\/es\/los-datos-recogidos\/","title":{"rendered":"Los datos recogidos"},"content":{"rendered":"<p><img loading=\"lazy\" decoding=\"async\" src=\"https:\/\/privacy.timeonegroup.com\/wp-content\/uploads\/sites\/8\/2018\/05\/donnescollectees-990x1024.png\" alt=\"\" width=\"490\" height=\"524\" class=\"alignright size-large wp-image-1915\" \/>Los datos personales (tambi\u00e9n \u00abinformaci\u00f3n de identificaci\u00f3n personal\u00bb) son informaci\u00f3n que puede permitir la identificaci\u00f3n del usuario como una persona f\u00edsica, por ejemplo, su nombre, direcci\u00f3n, n\u00famero de tel\u00e9fono, direcci\u00f3n de correo electr\u00f3nico o fecha de nacimiento.<\/p>\n<p>Los datos no identificables son informaci\u00f3n que no se puede conectar a tu identidad real, por ejemplo, la cantidad de usuarios que visitan un sitio web o cualquier otro tipo de informaci\u00f3n agregada.<\/p>\n<p>El alcance de la recopilaci\u00f3n y procesamiento de informaci\u00f3n personal depender\u00e1 de c\u00f3mo te comuniques con nosotros o con nuestras tecnolog\u00edas y servicios.<br \/>\nA trav\u00e9s de esta pol\u00edtica de privacidad, queremos informarte sobre los tipos de datos personales que podemos recibir o procesar, que pueden incluir todo tipo de informaci\u00f3n, como tu nombre, direcci\u00f3n o informaci\u00f3n sobre tu dispositivo (por ejemplo, el sistema operativo o navegador).<\/p>\n<div style=\"padding: 2em 0em;\">\n<h3><b>Tu navegaci\u00f3n con nuestros colaboradores<\/b><\/h3>\n<p>Los sitios web que visitas pueden usar tecnolog\u00edas para mejorar su contenido y mantenerse optimizados. Cuando visitas un sitio web, tu navegador web guarda cierta informaci\u00f3n, como la direcci\u00f3n web de la p\u00e1gina que est\u00e1s visitando o tu direcci\u00f3n IP.<br \/>\nDel mismo modo, las aplicaciones de nuestros partners pueden brindarnos informaci\u00f3n, como informaci\u00f3n de los socios con los que hemos colaborado para brindar un servicio, o informaci\u00f3n sobre tu experiencia o interacci\u00f3n con ese colaborador.\n<\/p><\/div>\n<div style=\"padding: 2em 0em;\">\n<h3><b>Los datos que declaras en nuestros sitios web o con nuestros socios<\/b><\/h3>\n<p>Como parte de los servicios proporcionados por TimeOne a sus socios, puede ser necesario que rellenes formularios que contienen informaci\u00f3n personal. Debido a los contratos existentes entre TimeOne y sus clientes, es posible que podamos enviarles tus datos.\n<\/p><\/div>\n<div style=\"padding: 2em 0em;\">\n<h3><b>Pol\u00edtica de Cookies de TimeOne<\/b><\/h3>\n<p>Utilizamos cookies en nuestro sitio web o en los sitios web de nuestros socios para mejorar la usabilidad y optimizar otros servicios en l\u00ednea. Las cookies son peque\u00f1os archivos de texto que se env\u00edan desde nuestros servidores a tu navegador para almacenarse en tu dispositivo (ordenador port\u00e1til, tableta, smartphone o similar). Registran informaci\u00f3n sobre la navegaci\u00f3n de tu ordenador en un sitio web como, por ejemplo, las p\u00e1ginas visitadas o la hora y fecha en que las has visto. Sin embargo, esto no significa que conservemos tu informaci\u00f3n personal o que sepamos tu identidad.<br \/>\nLas cookies no da\u00f1an tu dispositivo; no contienen ning\u00fan virus o malware.<\/p>\n<\/div>\n<div style=\"padding: 2em 0em;\">\nNuestro uso de cookies cumple estrictamente con todas las leyes aplicables sobre cookies y privacidad de datos.<\/p>\n<p>Las cookies configuradas en el Sitio web son de varios tipos y tienen diferentes prop\u00f3sitos:<\/p>\n<ul>\n<li>Cookies de navegaci\u00f3n : almacenamos cookies en los dispositivos de los usuarios que visitan los sitios web y utilizan los servicios en l\u00ednea de nuestros clientes (por ejemplo, registro en una newsletter, compra en una tienda online, etc.). Estas cookies nos permiten asegurar la eficacia de nuestra publicidad y realizar la facturaci\u00f3n correspondiente. No se recoge informaci\u00f3n personal identificable sobre el usuario.<\/li>\n<p><\/p>\n<li>Cookies de medici\u00f3n de audiencia, que nos permiten obtener estad\u00edsticas de asistencia an\u00f3nimas. TimeOne utiliza estas cookies para detectar problemas de navegaci\u00f3n en el sitio, mejorar el rendimiento, las caracter\u00edsticas o los servicios.<\/li>\n<p><\/p>\n<li>Cookies de an\u00e1lisis de comportamiento, que recopilan datos de comportamiento. Por ejemplo, esta informaci\u00f3n nos permite saber si has visitado el sitio anteriormente, nos ayuda a identificar qu\u00e9 informaci\u00f3n del sitio puede ser de tu inter\u00e9s, y ayuda a mejorar tu navegaci\u00f3n y hacerla m\u00e1s interesante. Para ello mantenemos un registro de tus preferencias cuando visitas un sitio en particular. Tambi\u00e9n pueden permitir que TIMEONE y sus socios muestren anuncios que coincidan con tus intereses.<\/li>\n<\/ul>\n<p><\/p>\n<p>Adem\u00e1s, es posible que los socios de TimeOne tengan que mostrar publicidad en sus sitios web. En este contexto, pueden enviar sus propias cookies (cookies de terceros) a tus dispositivos. TimeOne no tiene acceso ni control sobre estas cookies.\n<\/p><\/div>\n<div style=\"padding: 2em 0em;\">\nPuedes optar por no aceptar o aceptar de forma selectiva la instalaci\u00f3n de cookies de an\u00e1lisis de comportamiento y \/ o cookies de medici\u00f3n de audiencias y \/ o la instalaci\u00f3n de cookies por socios de TimeOne, configurando tu navegador de Internet empleado desde tu Terminal. Sin embargo, ten en cuenta que estas configuraciones pueden tener un impacto negativo en los consejos de uso y en la utilizaci\u00f3n de sitios web y otros servicios en l\u00ednea. Puedes eliminar las cookies almacenadas en tu navegador en cualquier momento. La informaci\u00f3n almacenada en estas cookies se eliminar\u00e1 de tu dispositivo.<br \/>\nPuedes consultar el sitio web de CNIL en la siguiente direcci\u00f3n: http:\/\/www.cnil.fr o bien consultar la documentaci\u00f3n relacionada con tu navegador de Internet.\n<\/div>\n","protected":false},"excerpt":{"rendered":"<p>Los datos personales (tambi\u00e9n \u00abinformaci\u00f3n de identificaci\u00f3n personal\u00bb) son informaci\u00f3n que puede permitir la identificaci\u00f3n del usuario como una persona f\u00edsica, por ejemplo, su nombre, direcci\u00f3n, n\u00famero de tel\u00e9fono, direcci\u00f3n de correo electr\u00f3nico o fecha de nacimiento. Los datos no identificables son informaci\u00f3n que no se puede conectar a tu identidad real, por ejemplo, la [&hellip;]<span class=\"entry-read-more\"><a href=\"https:\/\/privacy.timeonegroup.com\/es\/los-datos-recogidos\/\" class=\"cs-btn cs-btn-flat cs-btn-rounded cs-btn-xxs cs-btn-flat-accent\">Leer m\u00e1s<\/a><\/span><\/p>\n","protected":false},"author":46,"featured_media":0,"parent":0,"menu_order":0,"comment_status":"closed","ping_status":"closed","template":"","meta":{"_acf_changed":false,"footnotes":""},"class_list":["post-2126","page","type-page","status-publish","hentry"],"acf":[],"_links":{"self":[{"href":"https:\/\/privacy.timeonegroup.com\/es\/wp-json\/wp\/v2\/pages\/2126","targetHints":{"allow":["GET"]}}],"collection":[{"href":"https:\/\/privacy.timeonegroup.com\/es\/wp-json\/wp\/v2\/pages"}],"about":[{"href":"https:\/\/privacy.timeonegroup.com\/es\/wp-json\/wp\/v2\/types\/page"}],"author":[{"embeddable":true,"href":"https:\/\/privacy.timeonegroup.com\/es\/wp-json\/wp\/v2\/users\/46"}],"replies":[{"embeddable":true,"href":"https:\/\/privacy.timeonegroup.com\/es\/wp-json\/wp\/v2\/comments?post=2126"}],"version-history":[{"count":3,"href":"https:\/\/privacy.timeonegroup.com\/es\/wp-json\/wp\/v2\/pages\/2126\/revisions"}],"predecessor-version":[{"id":2217,"href":"https:\/\/privacy.timeonegroup.com\/es\/wp-json\/wp\/v2\/pages\/2126\/revisions\/2217"}],"wp:attachment":[{"href":"https:\/\/privacy.timeonegroup.com\/es\/wp-json\/wp\/v2\/media?parent=2126"}],"curies":[{"name":"wp","href":"https:\/\/api.w.org\/{rel}","templated":true}]}}