{"id":2129,"date":"2018-06-22T15:30:35","date_gmt":"2018-06-22T14:30:35","guid":{"rendered":"https:\/\/privacy.timeonegroup.com\/?page_id=2129"},"modified":"2018-06-22T15:30:35","modified_gmt":"2018-06-22T14:30:35","slug":"que-se-hace-con-tu-informacion-personal","status":"publish","type":"page","link":"https:\/\/privacy.timeonegroup.com\/es\/que-se-hace-con-tu-informacion-personal\/","title":{"rendered":"\u00bfQu\u00e9 se hace con tu informaci\u00f3n personal?"},"content":{"rendered":"<p><img loading=\"lazy\" decoding=\"async\" src=\"https:\/\/privacy.timeonegroup.com\/wp-content\/uploads\/sites\/8\/2018\/05\/A-quoi-servent-les-donnes-149x300.png\" alt=\"\" width=\"200\" height=\"350\" class=\"alignright size-medium wp-image-1909\" \/><\/p>\n<div style=\"padding: 2em 0em;\">\n<h3><b>Medir la efectividad de nuestros socios<\/b><\/h3>\n<p>La efectividad de las campa\u00f1as publicitarias de nuestros socios y su adaptaci\u00f3n a tus necesidades se basan en un uso razonado de tus datos personales con fines de optimizaci\u00f3n publicitaria.\n<\/p><\/div>\n<div style=\"padding: 2em 0em;\">\n<h3><b>Proponerte un mensaje espec\u00edfico<\/b><\/h3>\n<p>Online Behavioral Advertising es una t\u00e9cnica para mostrar anuncios que se adapten a tus intereses. Seg\u00fan el historial de navegaci\u00f3n an\u00f3nimo de los usuarios de Internet, sus preferencias quedan definidas y permiten la creaci\u00f3n de un perfil adecuado. Gracias a eso, se pueden ofrecer anuncios apropiados y adecuadamente dirigidos al usuario, en funci\u00f3n de sus intereses aparentes.\n<\/p><\/div>\n<div style=\"padding: 2em 0em;\">\n<h3><b>Responder a tus requerimientos de contactos comerciales<\/b><\/h3>\n<p>Utilizamos tus datos personales para responder de la manera m\u00e1s eficiente posible a tus solicitudes y peticiones. Este paso requiere, de ser necesario, el env\u00edo de tus datos al cliente correspondiente, el contacto por tel\u00e9fono, la recalificaci\u00f3n de tu consentimiento, etc.<br \/>\nEn tales casos, recuerda que, en relaci\u00f3n con el uso de nuestros servicios, es posible que nuestros socios deban ponerse en contacto contigo. Este ser\u00e1 un consentimiento libre e inequ\u00edvoco.<\/p>\n<p>Finalmente, podemos utilizar tus datos personales con fines publicitarios o de estudios de mercado, de conformidad con el consentimiento que nos brindes, si es necesario de forma expl\u00edcita, y en cualquier caso de acuerdo con la legislaci\u00f3n aplicable.<\/p>\n","protected":false},"excerpt":{"rendered":"<p>Medir la efectividad de nuestros socios La efectividad de las campa\u00f1as publicitarias de nuestros socios y su adaptaci\u00f3n a tus necesidades se basan en un uso razonado de tus datos personales con fines de optimizaci\u00f3n publicitaria. Proponerte un mensaje espec\u00edfico Online Behavioral Advertising es una t\u00e9cnica para mostrar anuncios que se adapten a tus intereses. [&hellip;]<span class=\"entry-read-more\"><a href=\"https:\/\/privacy.timeonegroup.com\/es\/que-se-hace-con-tu-informacion-personal\/\" class=\"cs-btn cs-btn-flat cs-btn-rounded cs-btn-xxs cs-btn-flat-accent\">Leer m\u00e1s<\/a><\/span><\/p>\n","protected":false},"author":46,"featured_media":0,"parent":0,"menu_order":0,"comment_status":"closed","ping_status":"closed","template":"","meta":{"_acf_changed":false,"footnotes":""},"class_list":["post-2129","page","type-page","status-publish","hentry"],"acf":[],"_links":{"self":[{"href":"https:\/\/privacy.timeonegroup.com\/es\/wp-json\/wp\/v2\/pages\/2129","targetHints":{"allow":["GET"]}}],"collection":[{"href":"https:\/\/privacy.timeonegroup.com\/es\/wp-json\/wp\/v2\/pages"}],"about":[{"href":"https:\/\/privacy.timeonegroup.com\/es\/wp-json\/wp\/v2\/types\/page"}],"author":[{"embeddable":true,"href":"https:\/\/privacy.timeonegroup.com\/es\/wp-json\/wp\/v2\/users\/46"}],"replies":[{"embeddable":true,"href":"https:\/\/privacy.timeonegroup.com\/es\/wp-json\/wp\/v2\/comments?post=2129"}],"version-history":[{"count":2,"href":"https:\/\/privacy.timeonegroup.com\/es\/wp-json\/wp\/v2\/pages\/2129\/revisions"}],"predecessor-version":[{"id":2131,"href":"https:\/\/privacy.timeonegroup.com\/es\/wp-json\/wp\/v2\/pages\/2129\/revisions\/2131"}],"wp:attachment":[{"href":"https:\/\/privacy.timeonegroup.com\/es\/wp-json\/wp\/v2\/media?parent=2129"}],"curies":[{"name":"wp","href":"https:\/\/api.w.org\/{rel}","templated":true}]}}