{"id":2132,"date":"2018-06-22T15:36:04","date_gmt":"2018-06-22T14:36:04","guid":{"rendered":"https:\/\/privacy.timeonegroup.com\/?page_id=2132"},"modified":"2022-06-01T15:58:34","modified_gmt":"2022-06-01T14:58:34","slug":"manten-el-control-de-tus-datos","status":"publish","type":"page","link":"https:\/\/privacy.timeonegroup.com\/es\/","title":{"rendered":"Mant\u00e9n el control de tus datos"},"content":{"rendered":"<p><img loading=\"lazy\" decoding=\"async\" class=\"alignright size-full wp-image-2363\" src=\"https:\/\/privacy.timeonegroup.com\/wp-content\/uploads\/2022\/06\/vos-parametres-300x288-1.png\" alt=\"\" width=\"300\" height=\"288\" \/><br \/>\nDe acuerdo con la normativa vigente, puedes solicitar la comunicaci\u00f3n de tus Datos Personales y exigir que, seg\u00fan sea el caso, se rectifiquen, completen, actualicen, bloqueen o borren tus Datos Personales, que sean inexactos, incompletos, equ\u00edvocos, caducados, o cuya captaci\u00f3n, uso, comunicaci\u00f3n o conservaci\u00f3n est\u00e9 prohibida.<\/p>\n<p>TimeOne tendr\u00e1 un m\u00e1ximo de 1 (un) mes para responder a la recepci\u00f3n de tu solicitud.<\/p>\n\n<div class=\"wpcf7 no-js\" id=\"wpcf7-f2135-o1\" lang=\"fr-FR\" dir=\"ltr\" data-wpcf7-id=\"2135\">\n<div class=\"screen-reader-response\"><p role=\"status\" aria-live=\"polite\" aria-atomic=\"true\"><\/p> <ul><\/ul><\/div>\n<form action=\"\/es\/wp-json\/wp\/v2\/pages\/2132#wpcf7-f2135-o1\" method=\"post\" class=\"wpcf7-form init\" aria-label=\"Formulaire de contact\" novalidate=\"novalidate\" data-status=\"init\">\n<fieldset class=\"hidden-fields-container\"><input type=\"hidden\" name=\"_wpcf7\" value=\"2135\" \/><input type=\"hidden\" name=\"_wpcf7_version\" value=\"6.1.5\" \/><input type=\"hidden\" name=\"_wpcf7_locale\" value=\"fr_FR\" \/><input type=\"hidden\" name=\"_wpcf7_unit_tag\" value=\"wpcf7-f2135-o1\" \/><input type=\"hidden\" name=\"_wpcf7_container_post\" value=\"0\" \/><input type=\"hidden\" name=\"_wpcf7_posted_data_hash\" value=\"\" \/>\n<\/fieldset>\n<div style=\"width: 55%\">\n\t<p><span class=\"wpcf7-form-control-wrap\" data-name=\"Nombre\"><input size=\"30\" maxlength=\"400\" class=\"wpcf7-form-control wpcf7-text wpcf7-validates-as-required\" aria-required=\"true\" aria-invalid=\"false\" placeholder=\"Nombre*\" value=\"\" type=\"text\" name=\"Nombre\" \/><\/span><span class=\"wpcf7-form-control-wrap\" data-name=\"Apellido\"><input size=\"40\" maxlength=\"400\" class=\"wpcf7-form-control wpcf7-text wpcf7-validates-as-required\" aria-required=\"true\" aria-invalid=\"false\" placeholder=\"Apellido*\" value=\"\" type=\"text\" name=\"Apellido\" \/><\/span><span class=\"wpcf7-form-control-wrap\" data-name=\"email\"><input size=\"40\" maxlength=\"400\" class=\"wpcf7-form-control wpcf7-email wpcf7-validates-as-required wpcf7-text wpcf7-validates-as-email\" aria-required=\"true\" aria-invalid=\"false\" placeholder=\"Su email*\" value=\"\" type=\"email\" name=\"email\" \/><\/span><br \/>\n<label>Su solicitud<br \/>\n<span class=\"wpcf7-form-control-wrap\" data-name=\"request\"><select class=\"wpcf7-form-control wpcf7-select wpcf7-validates-as-required\" aria-required=\"true\" aria-invalid=\"false\" name=\"request\"><option value=\"Tu correcci\u00f3n de datos personales\">Tu correcci\u00f3n de datos personales<\/option><option value=\"Eliminar tus datos personales\">Eliminar tus datos personales<\/option><option value=\"Tu portabilidad de datos personales\">Tu portabilidad de datos personales<\/option><option value=\"Otro\">Otro<\/option><\/select><\/span><\/label><span class=\"wpcf7-form-control-wrap\" data-name=\"details\"><textarea cols=\"40\" rows=\"10\" maxlength=\"2000\" class=\"wpcf7-form-control wpcf7-textarea wpcf7-validates-as-required\" aria-required=\"true\" aria-invalid=\"false\" placeholder=\"Vuestro mensaje*\" name=\"details\"><\/textarea><\/span><br \/>\n\t<input class=\"wpcf7-form-control wpcf7-hidden\" value=\"\" type=\"hidden\" name=\"utm_source\" \/><br \/>\n<span class=\"wpcf7-form-control-wrap kc_captcha\" data-name=\"kc_captcha\"><span class=\"wpcf7-form-control wpcf7-radio\"><span class=\"captcha-image\" ><span class=\"cf7ic_instructions\">Veuillez prouver que vous \u00eates humain en s\u00e9lectionnant<span> l\u2019\u00e9toile<\/span>.<\/span><label><input aria-label=\"1\" type=\"radio\" name=\"kc_captcha\" value=\"kc_human\" \/><svg aria-hidden=\"true\" role=\"img\" xmlns=\"http:\/\/www.w3.org\/2000\/svg\" viewBox=\"0 0 576 512\"><path fill=\"currentColor\" d=\"M259 18l-65 132-146 22c-26 3-37 36-18 54l106 103-25 146c-5 26 23 46 46 33l131-68 131 68c23 13 51-7 46-33l-25-146 106-103c19-18 8-51-18-54l-146-22-65-132a32 32 0 00-58 0z\"\/><\/svg><\/label><label><input aria-label=\"2\" type=\"radio\" name=\"kc_captcha\" value=\"bot\" \/><svg aria-hidden=\"true\" role=\"img\" xmlns=\"http:\/\/www.w3.org\/2000\/svg\" viewBox=\"0 0 512 512\"><path fill=\"currentColor\" d=\"M500 168h-55l-8-21a127 127 0 00-120-83H195a127 127 0 00-120 83l-8 21H12c-8 0-14 8-11 16l8 24a12 12 0 0011 8h29a64 64 0 00-33 56v48c0 16 6 31 16 42v62c0 13 11 24 24 24h48c13 0 24-11 24-24v-40h256v40c0 13 11 24 24 24h48c13 0 24-11 24-24v-62c10-11 16-26 16-42v-48c0-24-13-45-33-56h29a12 12 0 0011-8l8-24c3-8-3-16-11-16zm-365 2c9-25 33-42 60-42h122c27 0 51 17 60 42l15 38H120l15-38zM88 328a32 32 0 010-64c18 0 48 30 48 48s-30 16-48 16zm336 0c-18 0-48 2-48-16s30-48 48-48 32 14 32 32-14 32-32 32z\"\/><\/svg><\/label><label><input aria-label=\"3\" type=\"radio\" name=\"kc_captcha\" value=\"bot\" \/><svg aria-hidden=\"true\" role=\"img\" xmlns=\"http:\/\/www.w3.org\/2000\/svg\" viewBox=\"0 0 384 512\"><path fill=\"currentColor\" d=\"M377 375l-83-87h34c21 0 32-25 17-40l-82-88h33c21 0 32-25 18-40L210 8c-10-11-26-11-36 0L70 120c-14 15-3 40 18 40h33l-82 88c-15 15-4 40 17 40h34L7 375c-15 16-4 41 17 41h120c0 33-11 49-34 68-12 9-5 28 10 28h144c15 0 22-19 10-28-20-16-34-32-34-68h120c21 0 32-25 17-41z\"\/><\/svg><\/label>\r\n    <\/span>\r\n    <span style=\"display:none\">\r\n        <input type=\"text\" name=\"kc_honeypot\">\r\n    <\/span><\/span><\/span>\n\t<\/p>\n\t<p><input class=\"wpcf7-form-control wpcf7-submit has-spinner\" type=\"submit\" value=\"Enviar\" \/>\n\t<\/p>\n<\/div><div class=\"wpcf7-response-output\" aria-hidden=\"true\"><\/div>\n<\/form>\n<\/div>\n\n<div style=\"padding: 2em 0em;\">\n<h3><b>Administra tus preferencias para la publicidad orientada<\/b><\/h3>\n<p>Puedes cambiar la configuraci\u00f3n de los sitios visitados en cualquier momento para excluir o incluir a empresas que se encargan de mostrar publicidad.<\/p>\n<\/div>\n","protected":false},"excerpt":{"rendered":"<p>De acuerdo con la normativa vigente, puedes solicitar la comunicaci\u00f3n de tus Datos Personales y exigir que, seg\u00fan sea el caso, se rectifiquen, completen, actualicen, bloqueen o borren tus Datos Personales, que sean inexactos, incompletos, equ\u00edvocos, caducados, o cuya captaci\u00f3n, uso, comunicaci\u00f3n o conservaci\u00f3n est\u00e9 prohibida. TimeOne tendr\u00e1 un m\u00e1ximo de 1 (un) mes para [&hellip;]<span class=\"entry-read-more\"><a href=\"https:\/\/privacy.timeonegroup.com\/es\/\" class=\"cs-btn cs-btn-flat cs-btn-rounded cs-btn-xxs cs-btn-flat-accent\">Leer m\u00e1s<\/a><\/span><\/p>\n","protected":false},"author":46,"featured_media":0,"parent":0,"menu_order":0,"comment_status":"closed","ping_status":"closed","template":"","meta":{"_acf_changed":false,"footnotes":""},"class_list":["post-2132","page","type-page","status-publish","hentry"],"acf":[],"_links":{"self":[{"href":"https:\/\/privacy.timeonegroup.com\/es\/wp-json\/wp\/v2\/pages\/2132","targetHints":{"allow":["GET"]}}],"collection":[{"href":"https:\/\/privacy.timeonegroup.com\/es\/wp-json\/wp\/v2\/pages"}],"about":[{"href":"https:\/\/privacy.timeonegroup.com\/es\/wp-json\/wp\/v2\/types\/page"}],"author":[{"embeddable":true,"href":"https:\/\/privacy.timeonegroup.com\/es\/wp-json\/wp\/v2\/users\/46"}],"replies":[{"embeddable":true,"href":"https:\/\/privacy.timeonegroup.com\/es\/wp-json\/wp\/v2\/comments?post=2132"}],"version-history":[{"count":6,"href":"https:\/\/privacy.timeonegroup.com\/es\/wp-json\/wp\/v2\/pages\/2132\/revisions"}],"predecessor-version":[{"id":2366,"href":"https:\/\/privacy.timeonegroup.com\/es\/wp-json\/wp\/v2\/pages\/2132\/revisions\/2366"}],"wp:attachment":[{"href":"https:\/\/privacy.timeonegroup.com\/es\/wp-json\/wp\/v2\/media?parent=2132"}],"curies":[{"name":"wp","href":"https:\/\/api.w.org\/{rel}","templated":true}]}}