{"id":2140,"date":"2018-06-22T15:54:45","date_gmt":"2018-06-22T14:54:45","guid":{"rendered":"https:\/\/privacy.timeonegroup.com\/?page_id=2140"},"modified":"2018-06-22T15:54:45","modified_gmt":"2018-06-22T14:54:45","slug":"confidencialidad","status":"publish","type":"page","link":"https:\/\/privacy.timeonegroup.com\/es\/confidencialidad\/","title":{"rendered":"Confidencialidad"},"content":{"rendered":"<p><img loading=\"lazy\" decoding=\"async\" src=\"https:\/\/privacy.timeonegroup.com\/wp-content\/uploads\/sites\/8\/2018\/05\/condidentialit\u00e9-300x177.png\" alt=\"\" width=\"450\" height=\"265\" class=\"alignright size-medium wp-image-1912\" srcset=\"https:\/\/privacy.timeonegroup.com\/wp-content\/uploads\/2018\/05\/condidentialit\u00e9-300x177.png 300w, https:\/\/privacy.timeonegroup.com\/wp-content\/uploads\/2018\/05\/condidentialit\u00e9-768x454.png 768w, https:\/\/privacy.timeonegroup.com\/wp-content\/uploads\/2018\/05\/condidentialit\u00e9-1024x605.png 1024w\" sizes=\"auto, (max-width: 450px) 100vw, 450px\" \/><\/p>\n<div style=\"padding: 2em 0em;\">\n<h3><b>Tus datos de navegaci\u00f3n son confidenciales<\/b><\/h3>\n<p>TimeOne puede recoger tus datos de navegaci\u00f3n empleando herramientas de recolecci\u00f3n de datos (cookies, tags, y\/o cualquier otro medio t\u00e9cnico apropiado), para proporcionarte una mejor experiencia de usuario. Estos datos de navegaci\u00f3n permanecen entonces exclusivamente en las herramientas de TimeOne y contin\u00faan siendo confidenciales.\n<\/p><\/div>\n<div style=\"padding: 2em 0em;\">\n<h3><b>T\u00fa escoges a qui\u00e9n enviar tus datos declarativos<\/b><\/h3>\n<p>Como parte de estas actividades de comercializaci\u00f3n, TimeOne puede crear uno o m\u00e1s archivos que contengan informaci\u00f3n que has proporcionado voluntariamente para recibir un Servicio. Estos datos personales se recopilan cuando te registras para un servicio o cualquier otro evento de marketing (por ejemplo, un juego, estudio, encuesta, etc.) y sea cual sea el medio que se utilice. Estos datos son, generalmente, tu identidad y tus datos de contacto (por ejemplo, direcci\u00f3n postal y \/ o electr\u00f3nica, n\u00famero de tel\u00e9fono) y tambi\u00e9n pueden asociarse con diversos datos (informaci\u00f3n relacionada con el hogar, la familia, los ingresos, intereses, etc.).\n <\/p><\/div>\n<div style=\"padding: 2em 0em;\">\nEs posible que se te ofrezca recibir ofertas comerciales del Grupo TimeOne y \/ o sus socios. Cuando tus datos declarativos se utilizan con fines comerciales, el grupo TimeOne recoge tu consentimiento de acuerdo con la normativa vigente.<br \/>\nEstos datos pueden, con tu consentimiento al haber marcado las casillas dedicadas a este prop\u00f3sito, ser utilizados por el grupo TimeOne (1 y 2) y\/o sus socios (3) y sus proveedores (4).<\/p>\n<p>Los datos declarativos recopilados son necesarios para que puedas beneficiarte del servicio solicitado (por ejemplo, solicitud de prueba para un veh\u00edculo).<\/p>\n<p>\u25cf\t(1) y (2) Si marcaste la casilla \u00abS\u00ed\u00bb para la opci\u00f3n \u00abTimeOne\u00bb, TimeOne tambi\u00e9n puede usar tus datos declarativos como parte del servicio para el que te has registrado u otros Servicios que puedan ser de tu inter\u00e9s.<br \/>\n\u25cf\t(3) Si marcaste la casilla \u00abS\u00ed\u00bb para la opci\u00f3n \u00abSocios\u00bb, tambi\u00e9n recibir\u00e1s comunicaciones y ofertas comerciales para productos y\/o servicios proporcionados por nuestros socios. Nuestros socios tendr\u00e1n tus datos declarativos.<br \/>\n\u25cf\t(4) Tus datos declarativos tambi\u00e9n se pueden transmitir a los proveedores de servicios de TimeOne para garantizar la efectividad de los Servicios que hayas solicitado, por ejemplo, como parte de la recualificaci\u00f3n de la informaci\u00f3n por tel\u00e9fono. Estos proveedores pueden estar ubicados fuera de la Uni\u00f3n Europea.\n <\/p><\/div>\n<div style=\"padding: 2em 0em;\">\n<h3><b>Conservaci\u00f3n de datos<\/b><\/h3>\n<p>TimeOne implementa todos los medios necesarios para garantizar la seguridad de tus Datos personales y toma todas las medidas apropiadas para reducir el riesgo de p\u00e9rdida, deterioro o mal uso de los mismos.<\/p>\n<p>Los datos personales se guardan de acuerdo con las leyes vigentes en el pa\u00eds en cuesti\u00f3n.\n<\/p><\/div>\n<div style=\"padding: 2em 0em;\">\n<h3><b>Subcontratistas t\u00e9cnicos<\/b><\/h3>\n<p>Si nuestros proveedores de servicios subcontratistas tienen el mandato de procesar los datos en nuestro nombre, podemos transmitirles tus datos personales, pero solo en estricto cumplimiento con las regulaciones europeas sobre protecci\u00f3n de datos. Esta conexi\u00f3n posiblemente requiera una transmisi\u00f3n de tus datos a socios ubicados fuera de la Uni\u00f3n Europea.<br \/>\nComo indicaci\u00f3n, los datos almacenados por TimeOne permanecen en la Uni\u00f3n Europea y en el \u00c1rea Econ\u00f3mica Europea.<\/p>\n<p>Solo con tu consentimiento o solo como parte de una transmisi\u00f3n a una instituci\u00f3n estatal basada en la legislaci\u00f3n nacional obligatoria, podemos transmitir tus datos a terceros distintos de los mencionados anteriormente.\n<\/p><\/div>\n","protected":false},"excerpt":{"rendered":"<p>Tus datos de navegaci\u00f3n son confidenciales TimeOne puede recoger tus datos de navegaci\u00f3n empleando herramientas de recolecci\u00f3n de datos (cookies, tags, y\/o cualquier otro medio t\u00e9cnico apropiado), para proporcionarte una mejor experiencia de usuario. Estos datos de navegaci\u00f3n permanecen entonces exclusivamente en las herramientas de TimeOne y contin\u00faan siendo confidenciales. T\u00fa escoges a qui\u00e9n enviar [&hellip;]<span class=\"entry-read-more\"><a href=\"https:\/\/privacy.timeonegroup.com\/es\/confidencialidad\/\" class=\"cs-btn cs-btn-flat cs-btn-rounded cs-btn-xxs cs-btn-flat-accent\">Leer m\u00e1s<\/a><\/span><\/p>\n","protected":false},"author":46,"featured_media":0,"parent":0,"menu_order":0,"comment_status":"closed","ping_status":"closed","template":"","meta":{"_acf_changed":false,"footnotes":""},"class_list":["post-2140","page","type-page","status-publish","hentry"],"acf":[],"_links":{"self":[{"href":"https:\/\/privacy.timeonegroup.com\/es\/wp-json\/wp\/v2\/pages\/2140","targetHints":{"allow":["GET"]}}],"collection":[{"href":"https:\/\/privacy.timeonegroup.com\/es\/wp-json\/wp\/v2\/pages"}],"about":[{"href":"https:\/\/privacy.timeonegroup.com\/es\/wp-json\/wp\/v2\/types\/page"}],"author":[{"embeddable":true,"href":"https:\/\/privacy.timeonegroup.com\/es\/wp-json\/wp\/v2\/users\/46"}],"replies":[{"embeddable":true,"href":"https:\/\/privacy.timeonegroup.com\/es\/wp-json\/wp\/v2\/comments?post=2140"}],"version-history":[{"count":2,"href":"https:\/\/privacy.timeonegroup.com\/es\/wp-json\/wp\/v2\/pages\/2140\/revisions"}],"predecessor-version":[{"id":2142,"href":"https:\/\/privacy.timeonegroup.com\/es\/wp-json\/wp\/v2\/pages\/2140\/revisions\/2142"}],"wp:attachment":[{"href":"https:\/\/privacy.timeonegroup.com\/es\/wp-json\/wp\/v2\/media?parent=2140"}],"curies":[{"name":"wp","href":"https:\/\/api.w.org\/{rel}","templated":true}]}}